{"id":13468,"date":"2023-07-18T20:45:57","date_gmt":"2023-07-18T20:45:57","guid":{"rendered":"https:\/\/business.reobiztheme.com\/?page_id=13468"},"modified":"2026-04-03T14:26:40","modified_gmt":"2026-04-03T19:26:40","slug":"cctv-y-seguridad-electronica","status":"publish","type":"page","link":"https:\/\/seintecperu.com\/?page_id=13468","title":{"rendered":"CCTV y Seguridad Electr\u00f3nica"},"content":{"rendered":"\t\t<div data-elementor-type=\"wp-page\" data-elementor-id=\"13468\" class=\"elementor elementor-13468\">\n\t\t\t\t\t\t<section class=\"elementor-section elementor-top-section elementor-element elementor-element-056733a elementor-section-boxed elementor-section-height-default elementor-section-height-default\" data-id=\"056733a\" data-element_type=\"section\">\n\t\t\t\t\t\t<div class=\"elementor-container elementor-column-gap-default\">\n\t\t\t\t\t<div class=\"elementor-column elementor-col-100 elementor-top-column elementor-element elementor-element-cde2905\" data-id=\"cde2905\" data-element_type=\"column\">\n\t\t\t<div class=\"elementor-widget-wrap elementor-element-populated\">\n\t\t\t\t\t\t<div class=\"elementor-element elementor-element-27ece77 elementor-widget elementor-widget-heading\" data-id=\"27ece77\" data-element_type=\"widget\" data-widget_type=\"heading.default\">\n\t\t\t\t\t<h3 class=\"elementor-heading-title elementor-size-default\">CCTV y Seguridad Electr\u00f3nica<\/h3>\t\t\t\t<\/div>\n\t\t\t\t<div class=\"elementor-element elementor-element-3b894f7 elementor-widget elementor-widget-text-editor\" data-id=\"3b894f7\" data-element_type=\"widget\" data-widget_type=\"text-editor.default\">\n\t\t\t\t\t\t\t\t\t<h4 data-section-id=\"lhzjl6\" data-start=\"256\" data-end=\"290\">Protege lo que m\u00e1s importa<\/h4><p data-start=\"292\" data-end=\"500\">Implementamos soluciones integrales de <strong data-start=\"331\" data-end=\"356\">seguridad electr\u00f3nica<\/strong> para empresas, negocios y hogares, utilizando tecnolog\u00eda de \u00faltima generaci\u00f3n en videovigilancia (CCTV), control de accesos y monitoreo remoto.<\/p>\t\t\t\t\t\t\t\t<\/div>\n\t\t\t\t<section class=\"elementor-section elementor-inner-section elementor-element elementor-element-0d61c22 elementor-section-boxed elementor-section-height-default elementor-section-height-default\" data-id=\"0d61c22\" data-element_type=\"section\">\n\t\t\t\t\t\t<div class=\"elementor-container elementor-column-gap-default\">\n\t\t\t\t\t<div class=\"elementor-column elementor-col-33 elementor-inner-column elementor-element elementor-element-e8aeb95\" data-id=\"e8aeb95\" data-element_type=\"column\">\n\t\t\t<div class=\"elementor-widget-wrap elementor-element-populated\">\n\t\t\t\t\t\t<div class=\"elementor-element elementor-element-0860102 elementor-widget elementor-widget-rs-service-grid\" data-id=\"0860102\" data-element_type=\"widget\" data-widget_type=\"rs-service-grid.default\">\n\t\t\t\t<div class=\"elementor-widget-container\">\n\t\t\t\t\t\t\t\r\n\t\t<div class=\" rs-addon-services services-style8 service_shape_\">\r\n\t\t    <div class=\"services-part style9-top\">\r\n\r\n\t\t    \t\r\n\t\t    \t\r\n\t\t    \t\t\t\r\n\t\t    \t\t\t\t\t\t    \t\t\t<div class=\"services-icon  image \">\r\n\r\n\t\t\t\t\t    \t\t\r\n\t\t\t\t\t    \t\t\t\t\t\t\t\t    \t\t\t<img decoding=\"async\" class=\"main-img\" src=\"https:\/\/seintecperu.com\/wp-content\/uploads\/2026\/04\/camara_01.jpg\" alt=\"Sistemas de Videovigilancia (CCTV)\"\/>\r\n\t\t\t\t\t    \t\t\r\n\t\t\t\t\t    \t\t\t\t\t\t    \t\t<\/div>\r\n\t\t\t    \t\t\r\n\r\n\t\t    \t\t\t    \t\t       \r\n\t\t\t    <div class=\"services-text\">\r\n\r\n\t\t\t    \t\r\n\r\n\t\t\t    \t\t\t\t\t    \t<div class=\"services-title\">\t\t\t\t    \t\t\r\n\t\t\t\t    \t\t\t\t\t\t    \t\t\t<h1 class=\"title\"> Sistemas de Videovigilancia (CCTV)<\/h1>\r\n\t\t\t\t    \t\t\t\t\t\t    \t\t\r\n\t\t\t\t    \t<\/div>\r\n\t\t\t    \t\t\r\n\r\n\t\t\t    \t\t\t\t    \t\t<p class=\"services-txt\">  Instalaci\u00f3n de c\u00e1maras HD, Full HD y 4K,\nC\u00e1maras IP y anal\u00f3gicas,\nVisi\u00f3n nocturna (infrarrojo),\nMonitoreo en tiempo real desde celular o PC,\nGrabaci\u00f3n continua y por detecci\u00f3n de movimiento,\nAcceso remoto desde cualquier lugar.<\/p>\t\r\n\t\t\t    \t\t\r\n\r\n\r\n\r\n\t\t\t    \t\t    \t    \t\t\t    \t    \t    \t\t    \t\t<div class=\"serial_number\">\r\n    \t\t    \t\t\t~~~ 01 \r\n    \t\t    \t\t<\/div>\r\n    \t\t    \t\r\n\r\n\r\n\r\n\t\t\t    <\/div>\r\n\t\t\t<\/div>\r\n\t\t<\/div>\t\r\n\t\t\r\n\t\t\t\t\t<\/div>\n\t\t\t\t<\/div>\n\t\t\t\t<div class=\"elementor-element elementor-element-6e13ee6 elementor-widget elementor-widget-rs-service-grid\" data-id=\"6e13ee6\" data-element_type=\"widget\" data-widget_type=\"rs-service-grid.default\">\n\t\t\t\t<div class=\"elementor-widget-container\">\n\t\t\t\t\t\t\t\r\n\t\t<div class=\" rs-addon-services services-style8 service_shape_\">\r\n\t\t    <div class=\"services-part style9-top\">\r\n\r\n\t\t    \t\r\n\t\t    \t\r\n\t\t    \t\t\t\r\n\t\t    \t\t\t\t\t\t    \t\t\t<div class=\"services-icon  image \">\r\n\r\n\t\t\t\t\t    \t\t\r\n\t\t\t\t\t    \t\t\t\t\t\t\t\t    \t\t\t<img decoding=\"async\" class=\"main-img\" src=\"https:\/\/seintecperu.com\/wp-content\/uploads\/2026\/04\/camara_05.jpg\" alt=\"Monitoreo Inteligente\"\/>\r\n\t\t\t\t\t    \t\t\r\n\t\t\t\t\t    \t\t\t\t\t\t    \t\t<\/div>\r\n\t\t\t    \t\t\r\n\r\n\t\t    \t\t\t    \t\t       \r\n\t\t\t    <div class=\"services-text\">\r\n\r\n\t\t\t    \t\r\n\r\n\t\t\t    \t\t\t\t\t    \t<div class=\"services-title\">\t\t\t\t    \t\t\r\n\t\t\t\t    \t\t\t\t\t\t    \t\t\t<h2 class=\"title\"> Monitoreo Inteligente<\/h2>\r\n\t\t\t\t    \t\t\t\t\t\t    \t\t\r\n\t\t\t\t    \t<\/div>\r\n\t\t\t    \t\t\r\n\r\n\t\t\t    \t\t\t\t    \t\t<p class=\"services-txt\">  Central de monitoreo 24\/7,\nAlertas autom\u00e1ticas,\nAcceso remoto seguro,\nHistorial de eventos.<\/p>\t\r\n\t\t\t    \t\t\r\n\r\n\r\n\r\n\t\t\t    \t\t    \t    \t\t\t    \t    \t    \t\t    \t\t<div class=\"serial_number\">\r\n    \t\t    \t\t\t~~~ 04 \r\n    \t\t    \t\t<\/div>\r\n    \t\t    \t\r\n\r\n\r\n\r\n\t\t\t    <\/div>\r\n\t\t\t<\/div>\r\n\t\t<\/div>\t\r\n\t\t\r\n\t\t\t\t\t<\/div>\n\t\t\t\t<\/div>\n\t\t\t\t\t<\/div>\n\t\t<\/div>\n\t\t\t\t<div class=\"elementor-column elementor-col-33 elementor-inner-column elementor-element elementor-element-9113027\" data-id=\"9113027\" data-element_type=\"column\">\n\t\t\t<div class=\"elementor-widget-wrap elementor-element-populated\">\n\t\t\t\t\t\t<div class=\"elementor-element elementor-element-e70caa9 elementor-widget elementor-widget-rs-service-grid\" data-id=\"e70caa9\" data-element_type=\"widget\" data-widget_type=\"rs-service-grid.default\">\n\t\t\t\t<div class=\"elementor-widget-container\">\n\t\t\t\t\t\t\t\r\n\t\t<div class=\" rs-addon-services services-style8 service_shape_\">\r\n\t\t    <div class=\"services-part style9-top\">\r\n\r\n\t\t    \t\r\n\t\t    \t\r\n\t\t    \t\t\t\r\n\t\t    \t\t\t\t\t\t    \t\t\t<div class=\"services-icon  image \">\r\n\r\n\t\t\t\t\t    \t\t\r\n\t\t\t\t\t    \t\t\t\t\t\t\t\t    \t\t\t<img decoding=\"async\" class=\"main-img\" src=\"https:\/\/seintecperu.com\/wp-content\/uploads\/2026\/04\/camara_03.jpg\" alt=\"Control de Accesos\"\/>\r\n\t\t\t\t\t    \t\t\r\n\t\t\t\t\t    \t\t\t\t\t\t    \t\t<\/div>\r\n\t\t\t    \t\t\r\n\r\n\t\t    \t\t\t    \t\t       \r\n\t\t\t    <div class=\"services-text\">\r\n\r\n\t\t\t    \t\r\n\r\n\t\t\t    \t\t\t\t\t    \t<div class=\"services-title\">\t\t\t\t    \t\t\r\n\t\t\t\t    \t\t\t\t\t\t    \t\t\t<h2 class=\"title\"> Control de Accesos<\/h2>\r\n\t\t\t\t    \t\t\t\t\t\t    \t\t\r\n\t\t\t\t    \t<\/div>\r\n\t\t\t    \t\t\r\n\r\n\t\t\t    \t\t\t\t    \t\t<p class=\"services-txt\">  Control biom\u00e9trico (huella, rostro),\nTarjetas RFID y c\u00f3digos,\nRegistro de entradas y salidas,\nIntegraci\u00f3n con sistemas ERP o asistencia.<\/p>\t\r\n\t\t\t    \t\t\r\n\r\n\r\n\r\n\t\t\t    \t\t    \t    \t\t\t    \t    \t    \t\t    \t\t<div class=\"serial_number\">\r\n    \t\t    \t\t\t~~~ 02 \r\n    \t\t    \t\t<\/div>\r\n    \t\t    \t\r\n\r\n\r\n\r\n\t\t\t    <\/div>\r\n\t\t\t<\/div>\r\n\t\t<\/div>\t\r\n\t\t\r\n\t\t\t\t\t<\/div>\n\t\t\t\t<\/div>\n\t\t\t\t<div class=\"elementor-element elementor-element-1820c30 elementor-widget elementor-widget-rs-service-grid\" data-id=\"1820c30\" data-element_type=\"widget\" data-widget_type=\"rs-service-grid.default\">\n\t\t\t\t<div class=\"elementor-widget-container\">\n\t\t\t\t\t\t\t\r\n\t\t<div class=\" rs-addon-services services-style8 service_shape_\">\r\n\t\t    <div class=\"services-part style9-top\">\r\n\r\n\t\t    \t\r\n\t\t    \t\r\n\t\t    \t\t\t\r\n\t\t    \t\t\t\t\t\t    \t\t\t<div class=\"services-icon  image \">\r\n\r\n\t\t\t\t\t    \t\t\r\n\t\t\t\t\t    \t\t\t\t\t\t\t\t    \t\t\t<img decoding=\"async\" class=\"main-img\" src=\"https:\/\/seintecperu.com\/wp-content\/uploads\/2026\/04\/camara_06.jpg\" alt=\"\u00bfPor qu\u00e9 elegirnos?\"\/>\r\n\t\t\t\t\t    \t\t\r\n\t\t\t\t\t    \t\t\t\t\t\t    \t\t<\/div>\r\n\t\t\t    \t\t\r\n\r\n\t\t    \t\t\t    \t\t       \r\n\t\t\t    <div class=\"services-text\">\r\n\r\n\t\t\t    \t\r\n\r\n\t\t\t    \t\t\t\t\t    \t<div class=\"services-title\">\t\t\t\t    \t\t\r\n\t\t\t\t    \t\t\t\t\t\t    \t\t\t<h2 class=\"title\"> \u00bfPor qu\u00e9 elegirnos?<\/h2>\r\n\t\t\t\t    \t\t\t\t\t\t    \t\t\r\n\t\t\t\t    \t<\/div>\r\n\t\t\t    \t\t\r\n\r\n\t\t\t    \t\t\t\t    \t\t<p class=\"services-txt\">   Equipos de alta calidad,\n Instalaci\u00f3n profesional certificada,\n Soporte t\u00e9cnico permanente,\n Soluciones personalizadas,\n Integraci\u00f3n con sistemas empresariales.<\/p>\t\r\n\t\t\t    \t\t\r\n\r\n\r\n\r\n\t\t\t    \t\t    \t    \t\t\t    \t    \t    \t\t    \t\t<div class=\"serial_number\">\r\n    \t\t    \t\t\t~~~ 05 \r\n    \t\t    \t\t<\/div>\r\n    \t\t    \t\r\n\r\n\r\n\r\n\t\t\t    <\/div>\r\n\t\t\t<\/div>\r\n\t\t<\/div>\t\r\n\t\t\r\n\t\t\t\t\t<\/div>\n\t\t\t\t<\/div>\n\t\t\t\t\t<\/div>\n\t\t<\/div>\n\t\t\t\t<div class=\"elementor-column elementor-col-33 elementor-inner-column elementor-element elementor-element-82a5e02\" data-id=\"82a5e02\" data-element_type=\"column\">\n\t\t\t<div class=\"elementor-widget-wrap elementor-element-populated\">\n\t\t\t\t\t\t<div class=\"elementor-element elementor-element-eb2425c elementor-widget elementor-widget-rs-service-grid\" data-id=\"eb2425c\" data-element_type=\"widget\" data-widget_type=\"rs-service-grid.default\">\n\t\t\t\t<div class=\"elementor-widget-container\">\n\t\t\t\t\t\t\t\r\n\t\t<div class=\" rs-addon-services services-style8 service_shape_\">\r\n\t\t    <div class=\"services-part style9-top\">\r\n\r\n\t\t    \t\r\n\t\t    \t\r\n\t\t    \t\t\t\r\n\t\t    \t\t\t\t\t\t    \t\t\t<div class=\"services-icon  image \">\r\n\r\n\t\t\t\t\t    \t\t\r\n\t\t\t\t\t    \t\t\t\t\t\t\t\t    \t\t\t<img decoding=\"async\" class=\"main-img\" src=\"https:\/\/seintecperu.com\/wp-content\/uploads\/2026\/04\/camara_04.jpg\" alt=\"Alarmas y Sensores\"\/>\r\n\t\t\t\t\t    \t\t\r\n\t\t\t\t\t    \t\t\t\t\t\t    \t\t<\/div>\r\n\t\t\t    \t\t\r\n\r\n\t\t    \t\t\t    \t\t       \r\n\t\t\t    <div class=\"services-text\">\r\n\r\n\t\t\t    \t\r\n\r\n\t\t\t    \t\t\t\t\t    \t<div class=\"services-title\">\t\t\t\t    \t\t\r\n\t\t\t\t    \t\t\t\t\t\t    \t\t\t<h2 class=\"title\"> Alarmas y Sensores<\/h2>\r\n\t\t\t\t    \t\t\t\t\t\t    \t\t\r\n\t\t\t\t    \t<\/div>\r\n\t\t\t    \t\t\r\n\r\n\t\t\t    \t\t\t\t    \t\t<p class=\"services-txt\">  Sensores de movimiento,\nAlarmas contra intrusi\u00f3n,\nNotificaciones en tiempo real,\nIntegraci\u00f3n con c\u00e1maras,<\/p>\t\r\n\t\t\t    \t\t\r\n\r\n\r\n\r\n\t\t\t    \t\t    \t    \t\t\t    \t    \t    \t\t    \t\t<div class=\"serial_number\">\r\n    \t\t    \t\t\t~~~ 03 \r\n    \t\t    \t\t<\/div>\r\n    \t\t    \t\r\n\r\n\r\n\r\n\t\t\t    <\/div>\r\n\t\t\t<\/div>\r\n\t\t<\/div>\t\r\n\t\t\r\n\t\t\t\t\t<\/div>\n\t\t\t\t<\/div>\n\t\t\t\t<div class=\"elementor-element elementor-element-7ce40d6 elementor-widget elementor-widget-rs-service-grid\" data-id=\"7ce40d6\" data-element_type=\"widget\" data-widget_type=\"rs-service-grid.default\">\n\t\t\t\t<div class=\"elementor-widget-container\">\n\t\t\t\t\t\t\t\r\n\t\t<div class=\" rs-addon-services services-style8 service_shape_\">\r\n\t\t    <div class=\"services-part style9-top\">\r\n\r\n\t\t    \t\r\n\t\t    \t\r\n\t\t    \t\t\t\r\n\t\t    \t\t\t\t\t\t    \t\t\t<div class=\"services-icon  image \">\r\n\r\n\t\t\t\t\t    \t\t\r\n\t\t\t\t\t    \t\t\t\t\t\t\t\t    \t\t\t<img decoding=\"async\" class=\"main-img\" src=\"https:\/\/seintecperu.com\/wp-content\/uploads\/2026\/04\/camara_07.jpg\" alt=\"Soluciones para:\"\/>\r\n\t\t\t\t\t    \t\t\r\n\t\t\t\t\t    \t\t\t\t\t\t    \t\t<\/div>\r\n\t\t\t    \t\t\r\n\r\n\t\t    \t\t\t    \t\t       \r\n\t\t\t    <div class=\"services-text\">\r\n\r\n\t\t\t    \t\r\n\r\n\t\t\t    \t\t\t\t\t    \t<div class=\"services-title\">\t\t\t\t    \t\t\r\n\t\t\t\t    \t\t\t\t\t\t    \t\t\t<h2 class=\"title\"> Soluciones para:<\/h2>\r\n\t\t\t\t    \t\t\t\t\t\t    \t\t\r\n\t\t\t\t    \t<\/div>\r\n\t\t\t    \t\t\r\n\r\n\t\t\t    \t\t\t\t    \t\t<p class=\"services-txt\">  Empresas y oficinas,\nColegios e instituciones educativas,\nAlmacenes y ferias,\nTiendas y puntos de venta,\nViviendas y condominios.<\/p>\t\r\n\t\t\t    \t\t\r\n\r\n\r\n\r\n\t\t\t    \t\t    \t    \t\t\t    \t    \t    \t\t    \t\t<div class=\"serial_number\">\r\n    \t\t    \t\t\t~~~ 06 \r\n    \t\t    \t\t<\/div>\r\n    \t\t    \t\r\n\r\n\r\n\r\n\t\t\t    <\/div>\r\n\t\t\t<\/div>\r\n\t\t<\/div>\t\r\n\t\t\r\n\t\t\t\t\t<\/div>\n\t\t\t\t<\/div>\n\t\t\t\t\t<\/div>\n\t\t<\/div>\n\t\t\t\t\t<\/div>\n\t\t<\/section>\n\t\t\t\t\t<\/div>\n\t\t<\/div>\n\t\t\t\t\t<\/div>\n\t\t<\/section>\n\t\t\t\t<section class=\"elementor-section elementor-top-section elementor-element elementor-element-8510a9a elementor-section-full_width elementor-section-stretched elementor-section-height-default elementor-section-height-default\" data-id=\"8510a9a\" data-element_type=\"section\" data-settings=\"{&quot;background_background&quot;:&quot;gradient&quot;,&quot;shape_divider_bottom&quot;:&quot;mountains&quot;,&quot;stretch_section&quot;:&quot;section-stretched&quot;}\">\n\t\t\t\t\t<div class=\"elementor-shape elementor-shape-bottom\" aria-hidden=\"true\" data-negative=\"false\">\n\t\t\t<svg xmlns=\"http:\/\/www.w3.org\/2000\/svg\" viewBox=\"0 0 1000 100\" preserveAspectRatio=\"none\">\n\t<path class=\"elementor-shape-fill\" opacity=\"0.33\" d=\"M473,67.3c-203.9,88.3-263.1-34-320.3,0C66,119.1,0,59.7,0,59.7V0h1000v59.7 c0,0-62.1,26.1-94.9,29.3c-32.8,3.3-62.8-12.3-75.8-22.1C806,49.6,745.3,8.7,694.9,4.7S492.4,59,473,67.3z\"\/>\n\t<path class=\"elementor-shape-fill\" opacity=\"0.66\" d=\"M734,67.3c-45.5,0-77.2-23.2-129.1-39.1c-28.6-8.7-150.3-10.1-254,39.1 s-91.7-34.4-149.2,0C115.7,118.3,0,39.8,0,39.8V0h1000v36.5c0,0-28.2-18.5-92.1-18.5C810.2,18.1,775.7,67.3,734,67.3z\"\/>\n\t<path class=\"elementor-shape-fill\" d=\"M766.1,28.9c-200-57.5-266,65.5-395.1,19.5C242,1.8,242,5.4,184.8,20.6C128,35.8,132.3,44.9,89.9,52.5C28.6,63.7,0,0,0,0 h1000c0,0-9.9,40.9-83.6,48.1S829.6,47,766.1,28.9z\"\/>\n<\/svg>\t\t<\/div>\n\t\t\t\t\t<div class=\"elementor-container elementor-column-gap-default\">\n\t\t\t\t\t<div class=\"elementor-column elementor-col-33 elementor-top-column elementor-element elementor-element-66d2a68\" data-id=\"66d2a68\" data-element_type=\"column\">\n\t\t\t<div class=\"elementor-widget-wrap\">\n\t\t\t\t\t\t\t<\/div>\n\t\t<\/div>\n\t\t\t\t<div class=\"elementor-column elementor-col-33 elementor-top-column elementor-element elementor-element-d3c7fec\" data-id=\"d3c7fec\" data-element_type=\"column\">\n\t\t\t<div class=\"elementor-widget-wrap elementor-element-populated\">\n\t\t\t\t\t\t<div class=\"elementor-element elementor-element-aee2d97 elementor-widget elementor-widget-rs-cta\" data-id=\"aee2d97\" data-element_type=\"widget\" data-widget_type=\"rs-cta.default\">\n\t\t\t\t<div class=\"elementor-widget-container\">\n\t\t\t\t\t\t\t<div class=\"rs-cta\">\r\n\t\t\t<div class=\"cta-content\">\r\n\t\t\t\t\t\t\t        <div class=\"cta-title\">\r\n\t\t\t        \t\r\n\t\t\t            <h3 class=\"title\"> \r\n\t\t\t            \t<a class=\"title\" href=\"\" >\t\t\t\t\r\n\t\t\t            \t\tAny plan to start a project\t\t\t            \t<\/a>\r\n\r\n\t\t\t            <\/h3>\r\n\r\n\t\t\t        <\/div>\r\n\t\t\t\t\t\t\t\t\t\t\t        <div class=\"cta-text\">\r\n\t\t\t            <p class=\"desc\"> Our Experts always ready to work with you.<\/p>\r\n\t\t\t        <\/div>\r\n\t\t\t\t\t\t\t<\/div>\r\n\r\n            \t\t\t\r\n    \t\t\t<div class=\"rs-btn\">\r\n\r\n    \t\t\t\t\r\n    \t\t\t\t<a class=\"readon rs_button elementor-animation-\" href=\"\" >\t\t\t\t\r\n    \t\t\t\t\t<span class=\"btn_text\">Get Started<\/span>\r\n\r\n    \t\t\t\t\t    \t\t\t\t<\/a>\r\n\r\n    \t\t\t<\/div>\r\n                \r\n\r\n\t\t<\/div>   \r\n\t\t\t\t\t<\/div>\n\t\t\t\t<\/div>\n\t\t\t\t\t<\/div>\n\t\t<\/div>\n\t\t\t\t<div class=\"elementor-column elementor-col-33 elementor-top-column elementor-element elementor-element-348b531\" data-id=\"348b531\" data-element_type=\"column\">\n\t\t\t<div class=\"elementor-widget-wrap\">\n\t\t\t\t\t\t\t<\/div>\n\t\t<\/div>\n\t\t\t\t\t<\/div>\n\t\t<\/section>\n\t\t\t\t<section class=\"elementor-section elementor-top-section elementor-element elementor-element-383fc465 elementor-section-content-top elementor-section-boxed elementor-section-height-default elementor-section-height-default\" data-id=\"383fc465\" data-element_type=\"section\" data-settings=\"{&quot;background_background&quot;:&quot;classic&quot;}\">\n\t\t\t\t\t\t<div class=\"elementor-container elementor-column-gap-default\">\n\t\t\t\t\t<div class=\"elementor-column elementor-col-50 elementor-top-column elementor-element elementor-element-2c09e177\" data-id=\"2c09e177\" data-element_type=\"column\" data-settings=\"{&quot;background_background&quot;:&quot;classic&quot;}\">\n\t\t\t<div class=\"elementor-widget-wrap\">\n\t\t\t\t\t\t\t<\/div>\n\t\t<\/div>\n\t\t\t\t<div class=\"elementor-column elementor-col-50 elementor-top-column elementor-element elementor-element-3973c0af\" data-id=\"3973c0af\" data-element_type=\"column\" data-settings=\"{&quot;background_background&quot;:&quot;classic&quot;}\">\n\t\t\t<div class=\"elementor-widget-wrap elementor-element-populated\">\n\t\t\t\t\t<div class=\"elementor-background-overlay\"><\/div>\n\t\t\t\t\t\t<section class=\"elementor-section elementor-inner-section elementor-element elementor-element-5fe27d29 elementor-section-boxed elementor-section-height-default elementor-section-height-default\" data-id=\"5fe27d29\" data-element_type=\"section\">\n\t\t\t\t\t\t<div class=\"elementor-container elementor-column-gap-default\">\n\t\t\t\t\t<div class=\"elementor-column elementor-col-100 elementor-inner-column elementor-element elementor-element-941b36c\" data-id=\"941b36c\" data-element_type=\"column\">\n\t\t\t<div class=\"elementor-widget-wrap elementor-element-populated\">\n\t\t\t\t\t\t<div class=\"elementor-element elementor-element-49f725ed elementor-widget elementor-widget-rs-heading\" data-id=\"49f725ed\" data-element_type=\"widget\" data-widget_type=\"rs-heading.default\">\n\t\t\t\t<div class=\"elementor-widget-container\">\n\t\t\t\t\t        <div class=\"rs-heading default  \">\r\n        \t<div class=\"title-inner\">\r\n        \t\t      \t\t\r\n\t            <span class=\"sub-text \">Let's Talk<\/span><h2 class=\"title\"><span class=\"watermark\"><\/span>Request a Free Quote<\/h2>\t        <\/div>\r\n\t                <\/div>\r\n\r\n        \t\t\t\t<\/div>\n\t\t\t\t<\/div>\n\t\t\t\t<div class=\"elementor-element elementor-element-6aaea0e4 elementor-widget elementor-widget-rs-cf7\" data-id=\"6aaea0e4\" data-element_type=\"widget\" data-widget_type=\"rs-cf7.default\">\n\t\t\t\t<div class=\"elementor-widget-container\">\n\t\t\t\t\t\n<div class=\"wpcf7 no-js\" id=\"wpcf7-f2078-o1\" lang=\"en-US\" dir=\"ltr\" data-wpcf7-id=\"2078\">\n<div class=\"screen-reader-response\"><p role=\"status\" aria-live=\"polite\" aria-atomic=\"true\"><\/p> <ul><\/ul><\/div>\n<form action=\"\/index.php?rest_route=%2Fwp%2Fv2%2Fpages%2F13468#wpcf7-f2078-o1\" method=\"post\" class=\"wpcf7-form init\" aria-label=\"Contact form\" novalidate=\"novalidate\" data-status=\"init\">\n<fieldset class=\"hidden-fields-container\"><input type=\"hidden\" name=\"_wpcf7\" value=\"2078\" \/><input type=\"hidden\" name=\"_wpcf7_version\" value=\"6.1.1\" \/><input type=\"hidden\" name=\"_wpcf7_locale\" value=\"en_US\" \/><input type=\"hidden\" name=\"_wpcf7_unit_tag\" value=\"wpcf7-f2078-o1\" \/><input type=\"hidden\" name=\"_wpcf7_container_post\" value=\"0\" \/><input type=\"hidden\" name=\"_wpcf7_posted_data_hash\" value=\"\" \/>\n<\/fieldset>\n<div class=\"row\">\n\t<div class=\"col-sm-6\">\n\t\t<p><span class=\"wpcf7-form-control-wrap\" data-name=\"your-name\"><input size=\"40\" maxlength=\"400\" class=\"wpcf7-form-control wpcf7-text wpcf7-validates-as-required\" aria-required=\"true\" aria-invalid=\"false\" placeholder=\"Name\" value=\"\" type=\"text\" name=\"your-name\" \/><\/span>\n\t\t<\/p>\n\t<\/div>\n\t<div class=\"col-sm-6\">\n\t\t<p><span class=\"wpcf7-form-control-wrap\" data-name=\"your-email\"><input size=\"40\" maxlength=\"400\" class=\"wpcf7-form-control wpcf7-email wpcf7-validates-as-required wpcf7-text wpcf7-validates-as-email\" aria-required=\"true\" aria-invalid=\"false\" placeholder=\"E-Mail\" value=\"\" type=\"email\" name=\"your-email\" \/><\/span>\n\t\t<\/p>\n\t<\/div>\n\t<div class=\"col-sm-6\">\n\t\t<p><span class=\"wpcf7-form-control-wrap\" data-name=\"your-phone\"><input size=\"40\" maxlength=\"400\" class=\"wpcf7-form-control wpcf7-text wpcf7-validates-as-required\" aria-required=\"true\" aria-invalid=\"false\" placeholder=\"Phone Number\" value=\"\" type=\"text\" name=\"your-phone\" \/><\/span>\n\t\t<\/p>\n\t<\/div>\n\t<div class=\"col-sm-6\">\n\t\t<p><span class=\"wpcf7-form-control-wrap\" data-name=\"your-website\"><input size=\"40\" maxlength=\"400\" class=\"wpcf7-form-control wpcf7-text\" aria-invalid=\"false\" placeholder=\"Your Website\" value=\"\" type=\"text\" name=\"your-website\" \/><\/span>\n\t\t<\/p>\n\t<\/div>\n\t<div class=\"col-sm-12\">\n\t\t<p><span class=\"wpcf7-form-control-wrap\" data-name=\"your-message\"><textarea cols=\"40\" rows=\"10\" maxlength=\"2000\" class=\"wpcf7-form-control wpcf7-textarea\" aria-invalid=\"false\" placeholder=\"Your Message Here\" name=\"your-message\"><\/textarea><\/span>\n\t\t<\/p>\n\t<\/div>\n\t<div class=\"form-button col-sm-12\">\n\t\t<p class=\"submit-btn\"><input class=\"wpcf7-form-control wpcf7-submit has-spinner\" type=\"submit\" value=\"Submit Now\" \/>\n\t\t<\/p>\n\t<\/div>\n<\/div><div class=\"wpcf7-response-output\" aria-hidden=\"true\"><\/div>\n<\/form>\n<\/div>\n\t\t\t\t<\/div>\n\t\t\t\t<\/div>\n\t\t\t\t\t<\/div>\n\t\t<\/div>\n\t\t\t\t\t<\/div>\n\t\t<\/section>\n\t\t\t\t\t<\/div>\n\t\t<\/div>\n\t\t\t\t\t<\/div>\n\t\t<\/section>\n\t\t\t\t<\/div>\n\t\t","protected":false},"excerpt":{"rendered":"<p>CCTV y Seguridad Electr\u00f3nica Protege lo que m\u00e1s importa Implementamos soluciones integrales de seguridad electr\u00f3nica para empresas, negocios y hogares, utilizando tecnolog\u00eda de \u00faltima generaci\u00f3n en videovigilancia (CCTV), control de accesos y monitoreo remoto. Sistemas de Videovigilancia (CCTV) Instalaci\u00f3n de c\u00e1maras HD, Full HD y 4K, C\u00e1maras IP y anal\u00f3gicas, Visi\u00f3n nocturna (infrarrojo), Monitoreo en&#8230;<\/p>\n","protected":false},"author":1,"featured_media":0,"parent":0,"menu_order":0,"comment_status":"closed","ping_status":"closed","template":"","meta":{"_monsterinsights_skip_tracking":false,"_monsterinsights_sitenote_active":false,"_monsterinsights_sitenote_note":"","_monsterinsights_sitenote_category":0,"footnotes":""},"class_list":["post-13468","page","type-page","status-publish","hentry"],"aioseo_notices":[],"_links":{"self":[{"href":"https:\/\/seintecperu.com\/index.php?rest_route=\/wp\/v2\/pages\/13468","targetHints":{"allow":["GET"]}}],"collection":[{"href":"https:\/\/seintecperu.com\/index.php?rest_route=\/wp\/v2\/pages"}],"about":[{"href":"https:\/\/seintecperu.com\/index.php?rest_route=\/wp\/v2\/types\/page"}],"author":[{"embeddable":true,"href":"https:\/\/seintecperu.com\/index.php?rest_route=\/wp\/v2\/users\/1"}],"replies":[{"embeddable":true,"href":"https:\/\/seintecperu.com\/index.php?rest_route=%2Fwp%2Fv2%2Fcomments&post=13468"}],"version-history":[{"count":4,"href":"https:\/\/seintecperu.com\/index.php?rest_route=\/wp\/v2\/pages\/13468\/revisions"}],"predecessor-version":[{"id":14365,"href":"https:\/\/seintecperu.com\/index.php?rest_route=\/wp\/v2\/pages\/13468\/revisions\/14365"}],"wp:attachment":[{"href":"https:\/\/seintecperu.com\/index.php?rest_route=%2Fwp%2Fv2%2Fmedia&parent=13468"}],"curies":[{"name":"wp","href":"https:\/\/api.w.org\/{rel}","templated":true}]}}